{"id":2561,"date":"2020-03-06T07:47:47","date_gmt":"2020-03-06T07:47:47","guid":{"rendered":"https:\/\/www.bushlegends.com\/impressum\/"},"modified":"2025-08-28T19:17:26","modified_gmt":"2025-08-28T19:17:26","slug":"impressum","status":"publish","type":"page","link":"https:\/\/www.bushlegends.com\/en\/impressum\/","title":{"rendered":"IMPRESSUM"},"content":{"rendered":"<section class=\"wpb-content-wrapper\"><p>[vc_row full_width=&#8221;stretch_row_content&#8221;][vc_column width=&#8221;1\/6&#8243;][\/vc_column][vc_column width=&#8221;2\/3&#8243;][vc_empty_space height=&#8221;100px&#8221;][vc_column_text]<\/p>\n<h1 class=\"ce_headline center h2\" style=\"text-align: center;\">Impressum<\/h1>\n<p>[\/vc_column_text][vc_empty_space height=&#8221;40px&#8221;][vc_column_text]<\/p>\n<p style=\"text-align: center;\">Bush Legends GmbH<br \/>\nSonnenberger Str. 20a<br \/>\n65193 Wiesbaden<br \/>\nGermany<\/p>\n<p style=\"text-align: center;\">Tel.: +49 \u2013 611 \u2013 988 9696<br \/>\nFax: +49 \u2013 611 \u2013 988 9698<br \/>\nEmail:\u00a0info(at)bushlegends.com<\/p>\n<p style=\"text-align: center;\">Gesch\u00e4ftsf\u00fchrerin: Ellen Spielberger<br \/>\nHandelsregister Nummer: HRB 30389<br \/>\nAmtsgericht: Wiesbaden<br \/>\nUSt-IdNr. DE319231423<\/p>\n<p style=\"text-align: center;\">Inhaltlich Verantwortlicher gem\u00e4\u00df \u00a7 55 Abs. 2 RStV: Ellen Spielberger (Anschrift wie oben)<br \/>\nInsolvenzversicherung gem\u00e4\u00df BGB \u00a7 651r des BGB bei R+V Allgemeine Versicherung AG<\/p>\n<p style=\"text-align: center;\">Erstinformation gem\u00e4\u00df \u00a7 66 VVG (erlaubnisfreier Reiseannexvertrieb)<\/p>\n<p style=\"text-align: center;\">Wir vermitteln Reiseversicherungen im Status eines erlaubnisfreien Annexvermittlers gem\u00e4\u00df \u00a7 34d Abs. 8 Nr. 1 Gewerbeordnung (GewO).<\/p>\n<p style=\"text-align: center;\">Beschwerdestelle bei Streitigkeiten mit Versicherungsmittlern:<\/p>\n<p style=\"text-align: center;\">Versicherungsombudsmann e.V.<br \/>\nPostfach 08 06 32<br \/>\n10006 Berlin<br \/>\nTel. 0800 &#8211; 369 6000<br \/>\nFax: 0800 &#8211; 369 9000<br \/>\nEmail: <a href=\"mailto:beschwerde@versicherungsombudsmann.de\" rel=\"noopener noreferrer\">beschwerde@versicherungsombudsmann.de<\/a><br \/>\n<a href=\"http:\/\/www.versicherungsombudsmann.de\" target=\"_blank\" rel=\"noopener noreferrer\">www.versicherungsombudsmann.de<\/a><\/p>\n<p style=\"text-align: center;\">Hintergrundfotos, Fotos auf der Startseite, Wir \u00fcber uns und Referenzen: Wolfgang Linhard, Alejandra Gomez, Serengeti Ballooning Safaris, NAC Makana, Ellen Spielberger, Fotolia sowie s\u00e4mtliche Unterk\u00fcnfte, die auf unserer Seite ausgewiesen sind.<\/p>\n<p>&nbsp;<\/p>\n<p style=\"text-align: center;\">Der Reiseveranstalter weist im Hinblick auf<br \/>\ndas Gesetz \u00fcber Verbraucherstreitbeilegung darauf hin, dass er nicht an einer<br \/>\nfreiwilligen Verbraucherstreitbeilegung teilnimmt. Sofern eine Verbraucherstreitbeilegung nach Drucklegung dieser Reisebedingungen f\u00fcr den Reiseveranstalter verpflichtend w\u00fcrde, informiert der Reiseveranstalter den Kunden hier\u00fcber in geeigneter Form.<\/p>\n<p>&nbsp;<\/p>\n<p style=\"text-align: center;\"><strong>Quelle der Impressumgestaltung:<\/strong><br \/>\nErstellt mit dem Impressum-Generator von <a href=\"http:\/\/www.e-recht24.de\" target=\"_blank\" rel=\"noopener noreferrer\">http:\/\/www.e-recht24.de<\/a>.<\/p>\n<p>&nbsp;<\/p>\n<p style=\"text-align: center;\"><strong>Dieser Internetauftritt wurde realisiert von:<\/strong><br \/>\n<a href=\"http:\/\/www.sararojo.es\/\" target=\"_blank\" rel=\"noopener noreferrer\">Sara Rojo<\/a><\/p>\n<p>&nbsp;<\/p>\n<p style=\"text-align: center;\"><strong>Bush Legends Image Video:<\/strong><br \/>\nVideomaterial: Chem Chem, Jamala Madikwe und Singita.<br \/>\nSchnitt: <a href=\"http:\/\/www.juliancamargo.de\/\">Julian Camargo<\/a><\/p>\n<p>&nbsp;<\/p>\n<p style=\"text-align: center;\"><strong>Haftungsausschluss:<\/strong><\/p>\n<p style=\"text-align: center;\"><strong>Haftung f\u00fcr Inhalte:<\/strong><\/p>\n<p style=\"text-align: center;\">Die Inhalte unserer Seiten wurden mit gr\u00f6\u00dfter Sorgfalt erstellt. F\u00fcr die Richtigkeit, Vollst\u00e4ndigkeit und Aktualit\u00e4t der Inhalte k\u00f6nnen wir jedoch keine Gew\u00e4hr \u00fcbernehmen. Als Diensteanbieter sind wir gem\u00e4\u00df \u00a7 7 Abs.1 TMG f\u00fcr eigene Inhalte auf diesen Seiten nach den allgemeinen Gesetzen verantwortlich. Nach \u00a7\u00a7 8 bis 10 TMG sind wir als Diensteanbieter jedoch nicht verpflichtet, \u00fcbermittelte oder gespeicherte fremde Informationen zu \u00fcberwachen oder nach Umst\u00e4nden zu forschen, die auf eine rechtswidrige T\u00e4tigkeit hinweisen. Verpflichtungen zur Entfernung oder Sperrung der Nutzung von Informationen nach den allgemeinen Gesetzen bleiben hiervon unber\u00fchrt. Eine diesbez\u00fcgliche Haftung ist jedoch erst ab dem Zeitpunkt der Kenntnis einer konkreten Rechtsverletzung m\u00f6glich. Bei Bekanntwerden von entsprechenden Rechtsverletzungen werden wir diese Inhalte umgehend entfernen.<\/p>\n<p style=\"text-align: center;\"><strong>Haftung f\u00fcr Links:<\/strong><\/p>\n<p style=\"text-align: center;\">Unser Angebot enth\u00e4lt Links zu externen Webseiten Dritter, auf deren Inhalte wir keinen Einfluss haben. Deshalb k\u00f6nnen wir f\u00fcr diese fremden Inhalte auch keine Gew\u00e4hr \u00fcbernehmen. F\u00fcr die Inhalte der verlinkten Seiten ist stets der jeweilige Anbieter oder Betreiber der Seiten verantwortlich. Die verlinkten Seiten wurden zum Zeitpunkt der Verlinkung auf m\u00f6gliche Rechtsverst\u00f6\u00dfe \u00fcberpr\u00fcft. Rechtswidrige Inhalte waren zum Zeitpunkt der Verlinkung nicht erkennbar. Eine permanente inhaltliche Kontrolle der verlinkten Seiten ist jedoch ohne konkrete Anhaltspunkte einer Rechtsverletzung nicht zumutbar. Bei Bekanntwerden von Rechtsverletzungen werden wir derartige Links umgehend entfernen.<\/p>\n<p style=\"text-align: center;\"><strong>Urheberrecht:<\/strong><\/p>\n<p style=\"text-align: center;\">Die durch die Seitenbetreiber erstellten Inhalte und Werke auf diesen Seiten unterliegen dem deutschen Urheberrecht. Die Vervielf\u00e4ltigung, Bearbeitung, Verbreitung und jede Art der Verwertung au\u00dferhalb der Grenzen des Urheberrechtes bed\u00fcrfen der schriftlichen Zustimmung des jeweiligen Autors bzw. Erstellers. Downloads und Kopien dieser Seite sind nur f\u00fcr den privaten, nicht kommerziellen Gebrauch gestattet. Soweit die Inhalte auf dieser Seite nicht vom Betreiber erstellt wurden, werden die Urheberrechte Dritter beachtet. Insbesondere werden Inhalte Dritter als solche gekennzeichnet. Sollten Sie trotzdem auf eine Urheberrechtsverletzung aufmerksam werden, bitten wir um einen entsprechenden Hinweis. Bei Bekanntwerden von Rechtsverletzungen werden wir derartige Inhalte umgehend entfernen.<\/p>\n<p>[\/vc_column_text][vc_empty_space height=&#8221;100px&#8221;][\/vc_column][vc_column width=&#8221;1\/6&#8243;][\/vc_column][\/vc_row]<\/p>\n<\/section>","protected":false},"excerpt":{"rendered":"<p>[vc_row full_width=&#8221;stretch_row_content&#8221;][vc_column width=&#8221;1\/6&#8243;][\/vc_column][vc_column width=&#8221;2\/3&#8243;][vc_empty_space height=&#8221;100px&#8221;][vc_column_text] Impressum [\/vc_column_text][vc_empty_space height=&#8221;40px&#8221;][vc_column_text] Bush Legends GmbH Sonnenberger Str. 20a 65193 Wiesbaden Germany Tel.: +49 \u2013 [&hellip;]<\/p>\n","protected":false},"author":2,"featured_media":0,"parent":0,"menu_order":82,"comment_status":"closed","ping_status":"closed","template":"","meta":{"footnotes":""},"class_list":["post-2561","page","type-page","status-publish","hentry"],"yoast_head":"<!-- This site is optimized with the Yoast SEO plugin v24.4 - https:\/\/yoast.com\/wordpress\/plugins\/seo\/ -->\n<title>IMPRESSUM - Bush Legends<\/title>\n<meta name=\"robots\" content=\"index, follow, max-snippet:-1, max-image-preview:large, max-video-preview:-1\" \/>\n<link rel=\"canonical\" href=\"https:\/\/www.bushlegends.com\/en\/impressum\/\" \/>\n<meta property=\"og:locale\" content=\"en_US\" \/>\n<meta property=\"og:type\" content=\"article\" \/>\n<meta property=\"og:title\" content=\"IMPRESSUM - Bush Legends\" \/>\n<meta property=\"og:description\" content=\"[vc_row full_width=&#8221;stretch_row_content&#8221;][vc_column width=&#8221;1\/6&#8243;][\/vc_column][vc_column width=&#8221;2\/3&#8243;][vc_empty_space height=&#8221;100px&#8221;][vc_column_text] Impressum [\/vc_column_text][vc_empty_space height=&#8221;40px&#8221;][vc_column_text] Bush Legends GmbH Sonnenberger Str. 20a 65193 Wiesbaden Germany Tel.: +49 \u2013 [&hellip;]\" \/>\n<meta property=\"og:url\" content=\"https:\/\/www.bushlegends.com\/en\/impressum\/\" \/>\n<meta property=\"og:site_name\" content=\"Bush Legends\" \/>\n<meta property=\"article:modified_time\" content=\"2025-08-28T19:17:26+00:00\" \/>\n<meta name=\"twitter:card\" content=\"summary_large_image\" \/>\n<meta name=\"twitter:label1\" content=\"Est. reading time\" \/>\n\t<meta name=\"twitter:data1\" content=\"3 minutes\" \/>\n<script type=\"application\/ld+json\" class=\"yoast-schema-graph\">{\"@context\":\"https:\/\/schema.org\",\"@graph\":[{\"@type\":\"WebPage\",\"@id\":\"https:\/\/www.bushlegends.com\/en\/impressum\/\",\"url\":\"https:\/\/www.bushlegends.com\/en\/impressum\/\",\"name\":\"IMPRESSUM - Bush Legends\",\"isPartOf\":{\"@id\":\"https:\/\/www.bushlegends.com\/en\/#website\"},\"datePublished\":\"2020-03-06T07:47:47+00:00\",\"dateModified\":\"2025-08-28T19:17:26+00:00\",\"breadcrumb\":{\"@id\":\"https:\/\/www.bushlegends.com\/en\/impressum\/#breadcrumb\"},\"inLanguage\":\"en-US\",\"potentialAction\":[{\"@type\":\"ReadAction\",\"target\":[\"https:\/\/www.bushlegends.com\/en\/impressum\/\"]}]},{\"@type\":\"BreadcrumbList\",\"@id\":\"https:\/\/www.bushlegends.com\/en\/impressum\/#breadcrumb\",\"itemListElement\":[{\"@type\":\"ListItem\",\"position\":1,\"name\":\"Home\",\"item\":\"https:\/\/www.bushlegends.com\/en\/\"},{\"@type\":\"ListItem\",\"position\":2,\"name\":\"IMPRESSUM\"}]},{\"@type\":\"WebSite\",\"@id\":\"https:\/\/www.bushlegends.com\/en\/#website\",\"url\":\"https:\/\/www.bushlegends.com\/en\/\",\"name\":\"Bush Legends\",\"description\":\"Reisen nach Afrika - Exklusive Reisen in das s\u00fcdliche und \u00f6stliche Afrika | Your safari company\",\"potentialAction\":[{\"@type\":\"SearchAction\",\"target\":{\"@type\":\"EntryPoint\",\"urlTemplate\":\"https:\/\/www.bushlegends.com\/en\/?s={search_term_string}\"},\"query-input\":{\"@type\":\"PropertyValueSpecification\",\"valueRequired\":true,\"valueName\":\"search_term_string\"}}],\"inLanguage\":\"en-US\"}]}<\/script>\n<!-- \/ Yoast SEO plugin. -->","yoast_head_json":{"title":"IMPRESSUM - Bush Legends","robots":{"index":"index","follow":"follow","max-snippet":"max-snippet:-1","max-image-preview":"max-image-preview:large","max-video-preview":"max-video-preview:-1"},"canonical":"https:\/\/www.bushlegends.com\/en\/impressum\/","og_locale":"en_US","og_type":"article","og_title":"IMPRESSUM - Bush Legends","og_description":"[vc_row full_width=&#8221;stretch_row_content&#8221;][vc_column width=&#8221;1\/6&#8243;][\/vc_column][vc_column width=&#8221;2\/3&#8243;][vc_empty_space height=&#8221;100px&#8221;][vc_column_text] Impressum [\/vc_column_text][vc_empty_space height=&#8221;40px&#8221;][vc_column_text] Bush Legends GmbH Sonnenberger Str. 20a 65193 Wiesbaden Germany Tel.: +49 \u2013 [&hellip;]","og_url":"https:\/\/www.bushlegends.com\/en\/impressum\/","og_site_name":"Bush Legends","article_modified_time":"2025-08-28T19:17:26+00:00","twitter_card":"summary_large_image","twitter_misc":{"Est. reading time":"3 minutes"},"schema":{"@context":"https:\/\/schema.org","@graph":[{"@type":"WebPage","@id":"https:\/\/www.bushlegends.com\/en\/impressum\/","url":"https:\/\/www.bushlegends.com\/en\/impressum\/","name":"IMPRESSUM - Bush Legends","isPartOf":{"@id":"https:\/\/www.bushlegends.com\/en\/#website"},"datePublished":"2020-03-06T07:47:47+00:00","dateModified":"2025-08-28T19:17:26+00:00","breadcrumb":{"@id":"https:\/\/www.bushlegends.com\/en\/impressum\/#breadcrumb"},"inLanguage":"en-US","potentialAction":[{"@type":"ReadAction","target":["https:\/\/www.bushlegends.com\/en\/impressum\/"]}]},{"@type":"BreadcrumbList","@id":"https:\/\/www.bushlegends.com\/en\/impressum\/#breadcrumb","itemListElement":[{"@type":"ListItem","position":1,"name":"Home","item":"https:\/\/www.bushlegends.com\/en\/"},{"@type":"ListItem","position":2,"name":"IMPRESSUM"}]},{"@type":"WebSite","@id":"https:\/\/www.bushlegends.com\/en\/#website","url":"https:\/\/www.bushlegends.com\/en\/","name":"Bush Legends","description":"Reisen nach Afrika - Exklusive Reisen in das s\u00fcdliche und \u00f6stliche Afrika | Your safari company","potentialAction":[{"@type":"SearchAction","target":{"@type":"EntryPoint","urlTemplate":"https:\/\/www.bushlegends.com\/en\/?s={search_term_string}"},"query-input":{"@type":"PropertyValueSpecification","valueRequired":true,"valueName":"search_term_string"}}],"inLanguage":"en-US"}]}},"_links":{"self":[{"href":"https:\/\/www.bushlegends.com\/en\/wp-json\/wp\/v2\/pages\/2561","targetHints":{"allow":["GET"]}}],"collection":[{"href":"https:\/\/www.bushlegends.com\/en\/wp-json\/wp\/v2\/pages"}],"about":[{"href":"https:\/\/www.bushlegends.com\/en\/wp-json\/wp\/v2\/types\/page"}],"author":[{"embeddable":true,"href":"https:\/\/www.bushlegends.com\/en\/wp-json\/wp\/v2\/users\/2"}],"replies":[{"embeddable":true,"href":"https:\/\/www.bushlegends.com\/en\/wp-json\/wp\/v2\/comments?post=2561"}],"version-history":[{"count":6,"href":"https:\/\/www.bushlegends.com\/en\/wp-json\/wp\/v2\/pages\/2561\/revisions"}],"predecessor-version":[{"id":6887,"href":"https:\/\/www.bushlegends.com\/en\/wp-json\/wp\/v2\/pages\/2561\/revisions\/6887"}],"wp:attachment":[{"href":"https:\/\/www.bushlegends.com\/en\/wp-json\/wp\/v2\/media?parent=2561"}],"curies":[{"name":"wp","href":"https:\/\/api.w.org\/{rel}","templated":true}]}}