{"id":2581,"date":"2020-03-06T07:42:13","date_gmt":"2020-03-06T07:42:13","guid":{"rendered":"https:\/\/www.bushlegends.com\/kundenstimmen\/"},"modified":"2020-09-25T12:33:09","modified_gmt":"2020-09-25T12:33:09","slug":"client-voices","status":"publish","type":"page","link":"https:\/\/www.bushlegends.com\/en\/client-voices\/","title":{"rendered":"Client Voices"},"content":{"rendered":"<section class=\"wpb-content-wrapper\"><p>[vc_row full_width=&#8221;stretch_row&#8221; css=&#8221;.vc_custom_1583944793083{border-top-width: 2px !important;border-top-color: #8f8279 !important;border-top-style: solid !important;}&#8221;][vc_column width=&#8221;1\/6&#8243;][\/vc_column][vc_column width=&#8221;2\/3&#8243;][vc_empty_space height=&#8221;100px&#8221;][vc_column_text]<\/p>\n<h1 class=\"ce_headline center h2\" style=\"text-align: center;\">Client Voices<\/h1>\n<p>[\/vc_column_text][vc_empty_space height=&#8221;40px&#8221;][\/vc_column][vc_column width=&#8221;1\/6&#8243;][\/vc_column][\/vc_row][vc_row full_width=&#8221;stretch_row&#8221; css=&#8221;.vc_custom_1583945194548{background-color: #ffffff !important;}&#8221;][vc_column][vc_empty_space height=&#8221;100px&#8221;][vc_row_inner][vc_column_inner width=&#8221;1\/12&#8243;][vc_single_image image=&#8221;323&#8243; img_size=&#8221;full&#8221; alignment=&#8221;center&#8221;][\/vc_column_inner][vc_column_inner width=&#8221;11\/12&#8243;][vc_column_text]<\/p>\n<p class=\"darkrow1\" style=\"color: #b8aea5!important; line-height: 2em!important;\"><em>\u201eIch w\u00fcrde jederzeit wieder eine Reise in Zeiten der Pandemie beim Veranstalter Bush Legends platzieren. Die Betreuung VOR, W\u00c4HREND und NACH der Reise, war zu jeder Zeit hochgradig professionell. Alle Hygienepl\u00e4ne wurden genaustens gepr\u00fcft. Wir haben uns zu JEDER Zeit mit unserem Kunden sehr wohl gef\u00fchlt.\u201c<\/em><\/p>\n<h6 class=\"darkrow2\" style=\"color: #b8aea5!important;\">Nicole Jabs, B\u00fcroleitung Dr. G\u00f6tze Flug &amp; Reise, Hamburg, Reise nach Tanzania<\/h6>\n<p>[\/vc_column_text][\/vc_column_inner][\/vc_row_inner][vc_empty_space height=&#8221;100px&#8221;][\/vc_column][\/vc_row][vc_row full_width=&#8221;stretch_row&#8221; css=&#8221;.vc_custom_1586879306163{background-color: #cdc4bb !important;}&#8221;][vc_column][vc_empty_space height=&#8221;100px&#8221;][vc_row_inner][vc_column_inner width=&#8221;1\/12&#8243;][vc_single_image image=&#8221;325&#8243; img_size=&#8221;full&#8221; alignment=&#8221;center&#8221;][\/vc_column_inner][vc_column_inner width=&#8221;11\/12&#8243;][vc_column_text]<\/p>\n<p class=\"darkrow1\" style=\"color: #ffffff!important; line-height: 2em!important;\"><em>\u201eDie Reise nach S\u00fcdafrika war phantastisch! Wir haben uns wunderbar erholt und werden noch oft an diese wundersch\u00f6ne Zeit denken. Die Organisation der Reise war wie auch beim letzten Mal perfekt. Nichts ist unterwegs schiefgelaufen. Die gew\u00e4hlten Unterk\u00fcnfte haben uns alle sehr gut gefallen. Wir sind schon am \u00dcberlegen, wohin wir das n\u00e4chste Mal mit Bush Legends reisen.\u201c<\/em><\/p>\n<h6 class=\"darkrow2\" style=\"color: #ffffff!important;\">Christiane Nickel und Frank Engels, London, Reise nach S\u00fcdafrika<\/h6>\n<p>[\/vc_column_text][\/vc_column_inner][\/vc_row_inner][vc_empty_space height=&#8221;100px&#8221;][\/vc_column][\/vc_row][vc_row full_width=&#8221;stretch_row&#8221; css=&#8221;.vc_custom_1583945194548{background-color: #ffffff !important;}&#8221;][vc_column][vc_empty_space height=&#8221;100px&#8221;][vc_row_inner][vc_column_inner width=&#8221;1\/12&#8243;][vc_single_image image=&#8221;323&#8243; img_size=&#8221;full&#8221; alignment=&#8221;center&#8221;][\/vc_column_inner][vc_column_inner width=&#8221;11\/12&#8243;][vc_column_text]<\/p>\n<p class=\"darkrow1\" style=\"color: #b8aea5!important; line-height: 2em!important;\"><em>\u201eAtemberaubend, bewegend und liebevoll durchorganisiert bis ins kleinste Detail. Wir haben noch nie so viele sch\u00f6ne Dinge erlebt und so viele wunderbare Menschen kennengelernt. Auf der ganzen Reise haben wir uns unglaublich sicher und wohl gef\u00fchlt. Haben Gorillas gesehen!\u201c<\/em><\/p>\n<h6 class=\"darkrow2\" style=\"color: #b8aea5!important;\">Dr. Gwendolyn Krauss und Dr. Christian Veith, Wien, Reise nach Uganda &amp; Tanzania<\/h6>\n<p>[\/vc_column_text][\/vc_column_inner][\/vc_row_inner][vc_empty_space height=&#8221;100px&#8221;][\/vc_column][\/vc_row][vc_row full_width=&#8221;stretch_row&#8221; css=&#8221;.vc_custom_1586879313843{background-color: #cdc4bb !important;}&#8221;][vc_column][vc_empty_space height=&#8221;100px&#8221;][vc_row_inner][vc_column_inner width=&#8221;1\/12&#8243;][vc_single_image image=&#8221;325&#8243; img_size=&#8221;full&#8221; alignment=&#8221;center&#8221;][\/vc_column_inner][vc_column_inner width=&#8221;11\/12&#8243;][vc_column_text]<\/p>\n<p class=\"darkrow1\" style=\"color: #ffffff!important; line-height: 2em!important;\"><em>\u201cWe had the time of our lifes and loved every minute of it. We wanted to thank you for the amazing trip you organised for us. We were treated like kings \u2013 wherever we went to.\u201d<\/em><\/p>\n<h6 class=\"darkrow2\" style=\"color: #ffffff!important;\">Carl Ankarcrona und Aim\u00e9e Hoving, Genf, Reise nach Kenya &amp; Tanzania<\/h6>\n<p>[\/vc_column_text][\/vc_column_inner][\/vc_row_inner][vc_empty_space height=&#8221;100px&#8221;][\/vc_column][\/vc_row][vc_row full_width=&#8221;stretch_row&#8221; css=&#8221;.vc_custom_1583945194548{background-color: #ffffff !important;}&#8221;][vc_column][vc_empty_space height=&#8221;100px&#8221;][vc_row_inner][vc_column_inner width=&#8221;1\/12&#8243;][vc_single_image image=&#8221;323&#8243; img_size=&#8221;full&#8221; alignment=&#8221;center&#8221;][\/vc_column_inner][vc_column_inner width=&#8221;11\/12&#8243;][vc_column_text]<\/p>\n<p class=\"darkrow1\" style=\"color: #b8aea5!important; line-height: 2em!important;\"><em>\u201eUnsere Gesamteinsch\u00e4tzung der Reise: viel zu sch\u00f6n, um jemals wieder abreisen zu wollen.\u201c<\/em><\/p>\n<h6 class=\"darkrow2\" style=\"color: #b8aea5!important;\">Sandra Gransberger und Marcus Sander, Frankfurt, Reise nach Botswana, Zimbabwe &amp; S\u00fcdafrika<\/h6>\n<p>[\/vc_column_text][\/vc_column_inner][\/vc_row_inner][vc_empty_space height=&#8221;100px&#8221;][\/vc_column][\/vc_row][vc_row full_width=&#8221;stretch_row&#8221; css=&#8221;.vc_custom_1586879321950{background-color: #cdc4bb !important;}&#8221;][vc_column][vc_empty_space height=&#8221;100px&#8221;][vc_row_inner][vc_column_inner width=&#8221;1\/12&#8243;][vc_single_image image=&#8221;325&#8243; img_size=&#8221;full&#8221; alignment=&#8221;center&#8221;][\/vc_column_inner][vc_column_inner width=&#8221;11\/12&#8243;][vc_column_text]<\/p>\n<p class=\"darkrow1\" style=\"color: #ffffff!important; line-height: 2em!important;\"><em>\u201eBei allen Camps erlebten wir eine herausragende logistische Performance &#8211; atemberaubend, ein H\u00f6hepunkt nach dem anderen! Danke an Ihr gesamtes Team sowie alle Ihre Partner.\u201c<\/em><\/p>\n<h6 class=\"darkrow2\" style=\"color: #ffffff!important;\">Dr. Evelin und G\u00fcnter Schlotmann, Bremen, Reise nach Tanzania<\/h6>\n<p>[\/vc_column_text][\/vc_column_inner][\/vc_row_inner][vc_empty_space height=&#8221;100px&#8221;][\/vc_column][\/vc_row][vc_row full_width=&#8221;stretch_row&#8221; css=&#8221;.vc_custom_1583945194548{background-color: #ffffff !important;}&#8221;][vc_column][vc_empty_space height=&#8221;100px&#8221;][vc_row_inner][vc_column_inner width=&#8221;1\/12&#8243;][vc_single_image image=&#8221;323&#8243; img_size=&#8221;full&#8221; alignment=&#8221;center&#8221;][\/vc_column_inner][vc_column_inner width=&#8221;11\/12&#8243;][vc_column_text]<\/p>\n<p class=\"darkrow1\" style=\"color: #b8aea5!important; line-height: 2em!important;\"><em>We have worked closely together with Bush Legends for almost 14 years. Our Africa customers, who are eager to have an exceptional voyage to Africa were gradually entrusted to the good care of Ellen Spielberger and her team. The particular attention to every moment as well as the ever present concern of detail in combination with the selection of the hotels and recommendation of routings have always been the demonstration of perfect knowledge of products and a superb professionalism. Bravo \u00e0 toute l&#8217;\u00e9quipe!<\/em><\/p>\n<h6 class=\"darkrow2\" style=\"color: #b8aea5!important;\">Claude Luterbacher, Managing Director TransContinental S.A. Travel Agency, Genf<\/h6>\n<p>[\/vc_column_text][\/vc_column_inner][\/vc_row_inner][vc_empty_space height=&#8221;100px&#8221;][\/vc_column][\/vc_row][vc_row full_width=&#8221;stretch_row&#8221; css=&#8221;.vc_custom_1586879329476{background-color: #cdc4bb !important;}&#8221;][vc_column][vc_empty_space height=&#8221;100px&#8221;][vc_row_inner][vc_column_inner width=&#8221;1\/12&#8243;][vc_single_image image=&#8221;325&#8243; img_size=&#8221;full&#8221; alignment=&#8221;center&#8221;][\/vc_column_inner][vc_column_inner width=&#8221;11\/12&#8243;][vc_column_text]<\/p>\n<p class=\"darkrow1\" style=\"color: #ffffff!important; line-height: 2em!important;\"><em>\u201eDiese Kundenreise wird unvergesslich bleiben &#8211; so die ungeteilte Ansicht aller G\u00e4ste. Nat\u00fcrlich hat das mit dem wundersch\u00f6nen Land zu tun, vor allem aber mit der wirklich au\u00dfergew\u00f6hnlichen und perfekten Organisation im Vorfeld wie vor Ort. Eine derart professionelle Betreuung einer Reisegruppe dieser Gr\u00f6\u00dfe zeugt von h\u00f6chster Dienstleistungsqualit\u00e4t und gr\u00f6sstem pers\u00f6nlichen Commitment. Die Zusammenarbeit mit Euch war zu jedem Zeitpunkt ein Vergn\u00fcgen!\u201c<\/em><\/p>\n<h6 class=\"darkrow2\" style=\"color: #ffffff!important;\">Uta Naumann und Wolfgang Wurtscheid, Tetra Pak Deutschland, Incentive nach Namibia<\/h6>\n<p>[\/vc_column_text][\/vc_column_inner][\/vc_row_inner][vc_empty_space height=&#8221;100px&#8221;][\/vc_column][\/vc_row][vc_row full_width=&#8221;stretch_row&#8221; css=&#8221;.vc_custom_1583945194548{background-color: #ffffff !important;}&#8221;][vc_column][vc_empty_space height=&#8221;100px&#8221;][vc_row_inner][vc_column_inner width=&#8221;1\/12&#8243;][vc_single_image image=&#8221;323&#8243; img_size=&#8221;full&#8221; alignment=&#8221;center&#8221;][\/vc_column_inner][vc_column_inner width=&#8221;11\/12&#8243;][vc_column_text]<\/p>\n<p class=\"darkrow1\" style=\"color: #b8aea5!important; line-height: 2em!important;\"><em>\u201eBereits bei unserem ersten Event 2003 waren wir von der professionellen Vorbereitung und perfekten Durchf\u00fchrung der Incentive in S\u00fcdafrika begeistert. Diese positive Erfahrung f\u00fchrte zu unserem zweiten Event 2005 in Afrika, bei der die Serviceleistungen alle Erwartungen nochmals \u00fcbertroffen haben. Ich m\u00f6chte mich daher pers\u00f6nlich f\u00fcr Deine Performance bedanken, die auch bei unseren Vertriebspartnern einen nachhaltigen Eindruck hinterlassen und ma\u00dfgeblich zum grossen Erfolg dieser Reise beigetragen hat.\u201c<\/em><\/p>\n<h6 class=\"darkrow2\" style=\"color: #b8aea5!important;\">Matthias Schmidt, DBV Winterthur Versicherung Deutschland, Incentive nach Tanzania<\/h6>\n<p>[\/vc_column_text][\/vc_column_inner][\/vc_row_inner][vc_empty_space height=&#8221;100px&#8221;][\/vc_column][\/vc_row]<\/p>\n<\/section>","protected":false},"excerpt":{"rendered":"<p>[vc_row full_width=&#8221;stretch_row&#8221; css=&#8221;.vc_custom_1583944793083{border-top-width: 2px !important;border-top-color: #8f8279 !important;border-top-style: solid !important;}&#8221;][vc_column width=&#8221;1\/6&#8243;][\/vc_column][vc_column width=&#8221;2\/3&#8243;][vc_empty_space height=&#8221;100px&#8221;][vc_column_text] Client Voices [\/vc_column_text][vc_empty_space height=&#8221;40px&#8221;][\/vc_column][vc_column width=&#8221;1\/6&#8243;][\/vc_column][\/vc_row][vc_row full_width=&#8221;stretch_row&#8221; css=&#8221;.vc_custom_1583945194548{background-color: #ffffff [&hellip;]<\/p>\n","protected":false},"author":2,"featured_media":0,"parent":0,"menu_order":22,"comment_status":"closed","ping_status":"closed","template":"","meta":{"footnotes":""},"class_list":["post-2581","page","type-page","status-publish","hentry"],"yoast_head":"<!-- This site is optimized with the Yoast SEO plugin v24.4 - https:\/\/yoast.com\/wordpress\/plugins\/seo\/ -->\n<title>Client Voices - Bush Legends<\/title>\n<meta name=\"robots\" content=\"index, follow, max-snippet:-1, max-image-preview:large, max-video-preview:-1\" \/>\n<link rel=\"canonical\" href=\"https:\/\/www.bushlegends.com\/en\/client-voices\/\" \/>\n<meta property=\"og:locale\" content=\"en_US\" \/>\n<meta property=\"og:type\" content=\"article\" \/>\n<meta property=\"og:title\" content=\"Client Voices - Bush Legends\" \/>\n<meta property=\"og:description\" content=\"[vc_row full_width=&#8221;stretch_row&#8221; css=&#8221;.vc_custom_1583944793083{border-top-width: 2px !important;border-top-color: #8f8279 !important;border-top-style: solid !important;}&#8221;][vc_column width=&#8221;1\/6&#8243;][\/vc_column][vc_column width=&#8221;2\/3&#8243;][vc_empty_space height=&#8221;100px&#8221;][vc_column_text] Client Voices [\/vc_column_text][vc_empty_space height=&#8221;40px&#8221;][\/vc_column][vc_column width=&#8221;1\/6&#8243;][\/vc_column][\/vc_row][vc_row full_width=&#8221;stretch_row&#8221; css=&#8221;.vc_custom_1583945194548{background-color: #ffffff [&hellip;]\" \/>\n<meta property=\"og:url\" content=\"https:\/\/www.bushlegends.com\/en\/client-voices\/\" \/>\n<meta property=\"og:site_name\" content=\"Bush Legends\" \/>\n<meta property=\"article:modified_time\" content=\"2020-09-25T12:33:09+00:00\" \/>\n<meta name=\"twitter:card\" content=\"summary_large_image\" \/>\n<meta name=\"twitter:label1\" content=\"Est. reading time\" \/>\n\t<meta name=\"twitter:data1\" content=\"6 minutes\" \/>\n<script type=\"application\/ld+json\" class=\"yoast-schema-graph\">{\"@context\":\"https:\/\/schema.org\",\"@graph\":[{\"@type\":\"WebPage\",\"@id\":\"https:\/\/www.bushlegends.com\/en\/client-voices\/\",\"url\":\"https:\/\/www.bushlegends.com\/en\/client-voices\/\",\"name\":\"Client Voices - Bush Legends\",\"isPartOf\":{\"@id\":\"https:\/\/www.bushlegends.com\/en\/#website\"},\"datePublished\":\"2020-03-06T07:42:13+00:00\",\"dateModified\":\"2020-09-25T12:33:09+00:00\",\"breadcrumb\":{\"@id\":\"https:\/\/www.bushlegends.com\/en\/client-voices\/#breadcrumb\"},\"inLanguage\":\"en-US\",\"potentialAction\":[{\"@type\":\"ReadAction\",\"target\":[\"https:\/\/www.bushlegends.com\/en\/client-voices\/\"]}]},{\"@type\":\"BreadcrumbList\",\"@id\":\"https:\/\/www.bushlegends.com\/en\/client-voices\/#breadcrumb\",\"itemListElement\":[{\"@type\":\"ListItem\",\"position\":1,\"name\":\"Home\",\"item\":\"https:\/\/www.bushlegends.com\/en\/\"},{\"@type\":\"ListItem\",\"position\":2,\"name\":\"Client Voices\"}]},{\"@type\":\"WebSite\",\"@id\":\"https:\/\/www.bushlegends.com\/en\/#website\",\"url\":\"https:\/\/www.bushlegends.com\/en\/\",\"name\":\"Bush Legends\",\"description\":\"Reisen nach Afrika - Exklusive Reisen in das s\u00fcdliche und \u00f6stliche Afrika | Your safari company\",\"potentialAction\":[{\"@type\":\"SearchAction\",\"target\":{\"@type\":\"EntryPoint\",\"urlTemplate\":\"https:\/\/www.bushlegends.com\/en\/?s={search_term_string}\"},\"query-input\":{\"@type\":\"PropertyValueSpecification\",\"valueRequired\":true,\"valueName\":\"search_term_string\"}}],\"inLanguage\":\"en-US\"}]}<\/script>\n<!-- \/ Yoast SEO plugin. -->","yoast_head_json":{"title":"Client Voices - Bush Legends","robots":{"index":"index","follow":"follow","max-snippet":"max-snippet:-1","max-image-preview":"max-image-preview:large","max-video-preview":"max-video-preview:-1"},"canonical":"https:\/\/www.bushlegends.com\/en\/client-voices\/","og_locale":"en_US","og_type":"article","og_title":"Client Voices - Bush Legends","og_description":"[vc_row full_width=&#8221;stretch_row&#8221; css=&#8221;.vc_custom_1583944793083{border-top-width: 2px !important;border-top-color: #8f8279 !important;border-top-style: solid !important;}&#8221;][vc_column width=&#8221;1\/6&#8243;][\/vc_column][vc_column width=&#8221;2\/3&#8243;][vc_empty_space height=&#8221;100px&#8221;][vc_column_text] Client Voices [\/vc_column_text][vc_empty_space height=&#8221;40px&#8221;][\/vc_column][vc_column width=&#8221;1\/6&#8243;][\/vc_column][\/vc_row][vc_row full_width=&#8221;stretch_row&#8221; css=&#8221;.vc_custom_1583945194548{background-color: #ffffff [&hellip;]","og_url":"https:\/\/www.bushlegends.com\/en\/client-voices\/","og_site_name":"Bush Legends","article_modified_time":"2020-09-25T12:33:09+00:00","twitter_card":"summary_large_image","twitter_misc":{"Est. reading time":"6 minutes"},"schema":{"@context":"https:\/\/schema.org","@graph":[{"@type":"WebPage","@id":"https:\/\/www.bushlegends.com\/en\/client-voices\/","url":"https:\/\/www.bushlegends.com\/en\/client-voices\/","name":"Client Voices - Bush Legends","isPartOf":{"@id":"https:\/\/www.bushlegends.com\/en\/#website"},"datePublished":"2020-03-06T07:42:13+00:00","dateModified":"2020-09-25T12:33:09+00:00","breadcrumb":{"@id":"https:\/\/www.bushlegends.com\/en\/client-voices\/#breadcrumb"},"inLanguage":"en-US","potentialAction":[{"@type":"ReadAction","target":["https:\/\/www.bushlegends.com\/en\/client-voices\/"]}]},{"@type":"BreadcrumbList","@id":"https:\/\/www.bushlegends.com\/en\/client-voices\/#breadcrumb","itemListElement":[{"@type":"ListItem","position":1,"name":"Home","item":"https:\/\/www.bushlegends.com\/en\/"},{"@type":"ListItem","position":2,"name":"Client Voices"}]},{"@type":"WebSite","@id":"https:\/\/www.bushlegends.com\/en\/#website","url":"https:\/\/www.bushlegends.com\/en\/","name":"Bush Legends","description":"Reisen nach Afrika - Exklusive Reisen in das s\u00fcdliche und \u00f6stliche Afrika | Your safari company","potentialAction":[{"@type":"SearchAction","target":{"@type":"EntryPoint","urlTemplate":"https:\/\/www.bushlegends.com\/en\/?s={search_term_string}"},"query-input":{"@type":"PropertyValueSpecification","valueRequired":true,"valueName":"search_term_string"}}],"inLanguage":"en-US"}]}},"_links":{"self":[{"href":"https:\/\/www.bushlegends.com\/en\/wp-json\/wp\/v2\/pages\/2581","targetHints":{"allow":["GET"]}}],"collection":[{"href":"https:\/\/www.bushlegends.com\/en\/wp-json\/wp\/v2\/pages"}],"about":[{"href":"https:\/\/www.bushlegends.com\/en\/wp-json\/wp\/v2\/types\/page"}],"author":[{"embeddable":true,"href":"https:\/\/www.bushlegends.com\/en\/wp-json\/wp\/v2\/users\/2"}],"replies":[{"embeddable":true,"href":"https:\/\/www.bushlegends.com\/en\/wp-json\/wp\/v2\/comments?post=2581"}],"version-history":[{"count":9,"href":"https:\/\/www.bushlegends.com\/en\/wp-json\/wp\/v2\/pages\/2581\/revisions"}],"predecessor-version":[{"id":3628,"href":"https:\/\/www.bushlegends.com\/en\/wp-json\/wp\/v2\/pages\/2581\/revisions\/3628"}],"wp:attachment":[{"href":"https:\/\/www.bushlegends.com\/en\/wp-json\/wp\/v2\/media?parent=2581"}],"curies":[{"name":"wp","href":"https:\/\/api.w.org\/{rel}","templated":true}]}}